{"id":255,"date":"2017-06-01T15:45:00","date_gmt":"2017-06-01T13:45:00","guid":{"rendered":"http:\/\/seku.cz\/?page_id=255"},"modified":"2025-05-15T14:10:00","modified_gmt":"2025-05-15T12:10:00","slug":"kontakt","status":"publish","type":"page","link":"https:\/\/seku.cz\/?page_id=255","title":{"rendered":"Kontakt"},"content":{"rendered":"<p><img loading=\"lazy\" class=\"alignnone size-full wp-image-315\" src=\"http:\/\/seku.cz\/wp-content\/uploads\/2017\/06\/prodejna2.jpg\" alt=\"\" width=\"425\" height=\"481\" srcset=\"https:\/\/seku.cz\/wp-content\/uploads\/2017\/06\/prodejna2.jpg 425w, https:\/\/seku.cz\/wp-content\/uploads\/2017\/06\/prodejna2-265x300.jpg 265w\" sizes=\"(max-width: 425px) 100vw, 425px\" \/><\/p>\n<p><span style=\"color: #000000;\"><strong>PRODEJN\u00cd\u00a0 SKLAD:<\/strong><\/span><\/p>\n<p><span style=\"color: #000000;\">SEKU, ul. \u010cerven\u00e9ho k\u0159\u00ed\u017ee 3A<\/span><\/p>\n<p><span style=\"color: #000000;\">702 00 \u00a0 Ostrava<\/span><\/p>\n<p>***************<\/p>\n<p><strong>PROVOZN\u00cd DOBA<\/strong><br \/>\n<strong>Po:\u00a0 8 \u2013 13 hodin<\/strong><\/p>\n<p><strong>\u00dat:\u00a0 8 \u2013 16 hodin<\/strong><\/p>\n<p><strong>St:\u00a0\u00a0 objednan\u00ed z\u00e1kazn\u00edci *<\/strong><\/p>\n<p><strong>\u010ct:\u00a0 8 \u2013 16 hodin<\/strong><\/p>\n<p><strong>P\u00e1:\u00a0 objednan\u00ed z\u00e1kazn\u00edci *<em><br \/>\n<\/em><\/strong><\/p>\n<p><strong>*<\/strong> \u00a0 Na z\u00e1klad\u011b telefonn\u00edho<\/p>\n<p>objedn\u00e1n\u00ed budou registrovan\u00ed<\/p>\n<p>z\u00e1kazn\u00edci obslou\u017eeni ka\u017ed\u00fd<\/p>\n<p>pracovn\u00ed den v dob\u011b mezi<\/p>\n<p>8.00 \u2013 14.00 hodinou.<\/p>\n<p>********************<\/p>\n<p><strong>Tel:<\/strong> 596 616 363, \u00a0596 632 888, 596 615 917<\/p>\n<p><strong>I\u010c:<\/strong> 12657280<\/p>\n<p><strong>DI\u010c:<\/strong> CZ6607101182<\/p>\n<p><strong>E-mail:<\/strong> seku@seku.cz<\/p>\n<p><strong>EKO-KOM: <\/strong>EK-P03020032<\/p>\n<p><img loading=\"lazy\" class=\"alignnone size-full wp-image-313\" src=\"http:\/\/seku.cz\/wp-content\/uploads\/2017\/06\/budova.jpg\" alt=\"\" width=\"850\" height=\"418\" srcset=\"https:\/\/seku.cz\/wp-content\/uploads\/2017\/06\/budova.jpg 850w, https:\/\/seku.cz\/wp-content\/uploads\/2017\/06\/budova-300x148.jpg 300w, https:\/\/seku.cz\/wp-content\/uploads\/2017\/06\/budova-768x378.jpg 768w\" sizes=\"(max-width: 850px) 100vw, 850px\" \/><\/p>\n","protected":false},"excerpt":{"rendered":"<p>PRODEJN\u00cd\u00a0 SKLAD: SEKU, ul. \u010cerven\u00e9ho k\u0159\u00ed\u017ee 3A 702 00 \u00a0 Ostrava *************** PROVOZN\u00cd DOBA Po:\u00a0 8 \u2013 13 hodin \u00dat:\u00a0 8 \u2013 16 hodin St:\u00a0\u00a0 objednan\u00ed z\u00e1kazn\u00edci * \u010ct:\u00a0 8 \u2013 16 hodin P\u00e1:\u00a0 objednan\u00ed z\u00e1kazn\u00edci * * \u00a0 Na z\u00e1klad\u011b telefonn\u00edho objedn\u00e1n\u00ed budou registrovan\u00ed z\u00e1kazn\u00edci obslou\u017eeni ka\u017ed\u00fd pracovn\u00ed den v dob\u011b mezi 8.00 \u2013 [&hellip;]<\/p>\n","protected":false},"author":1,"featured_media":0,"parent":0,"menu_order":0,"comment_status":"closed","ping_status":"closed","template":"","meta":[],"_links":{"self":[{"href":"https:\/\/seku.cz\/index.php?rest_route=\/wp\/v2\/pages\/255"}],"collection":[{"href":"https:\/\/seku.cz\/index.php?rest_route=\/wp\/v2\/pages"}],"about":[{"href":"https:\/\/seku.cz\/index.php?rest_route=\/wp\/v2\/types\/page"}],"author":[{"embeddable":true,"href":"https:\/\/seku.cz\/index.php?rest_route=\/wp\/v2\/users\/1"}],"replies":[{"embeddable":true,"href":"https:\/\/seku.cz\/index.php?rest_route=%2Fwp%2Fv2%2Fcomments&post=255"}],"version-history":[{"count":41,"href":"https:\/\/seku.cz\/index.php?rest_route=\/wp\/v2\/pages\/255\/revisions"}],"predecessor-version":[{"id":831,"href":"https:\/\/seku.cz\/index.php?rest_route=\/wp\/v2\/pages\/255\/revisions\/831"}],"wp:attachment":[{"href":"https:\/\/seku.cz\/index.php?rest_route=%2Fwp%2Fv2%2Fmedia&parent=255"}],"curies":[{"name":"wp","href":"https:\/\/api.w.org\/{rel}","templated":true}]}}