{"id":337,"date":"2017-06-06T12:13:33","date_gmt":"2017-06-06T10:13:33","guid":{"rendered":"http:\/\/seku.cz\/?page_id=337"},"modified":"2025-05-15T15:01:26","modified_gmt":"2025-05-15T13:01:26","slug":"sleva","status":"publish","type":"page","link":"https:\/\/seku.cz\/?page_id=337","title":{"rendered":"Sleva"},"content":{"rendered":"<p><img loading=\"lazy\" class=\"alignnone size-full wp-image-836\" src=\"http:\/\/seku.cz\/wp-content\/uploads\/2025\/05\/xero-papir-145.jpg\" alt=\"\" width=\"411\" height=\"411\" srcset=\"https:\/\/seku.cz\/wp-content\/uploads\/2025\/05\/xero-papir-145.jpg 411w, https:\/\/seku.cz\/wp-content\/uploads\/2025\/05\/xero-papir-145-300x300.jpg 300w, https:\/\/seku.cz\/wp-content\/uploads\/2025\/05\/xero-papir-145-150x150.jpg 150w, https:\/\/seku.cz\/wp-content\/uploads\/2025\/05\/xero-papir-145-184x184.jpg 184w\" sizes=\"(max-width: 411px) 100vw, 411px\" \/><\/p>\n<h3><strong>Xerografick\u00fd pap\u00edr A4 , 80gsm, (500ks\/bal.)<br \/>\n<\/strong><\/h3>\n<p style=\"text-align: left;\"><strong>p\u0159i odb\u011bru p\u011bti balen\u00ed cena 69,- K\u010d\/bal. bez DPH<\/strong><\/p>\n<p style=\"text-align: left;\">\n<p style=\"text-align: left;\">\n","protected":false},"excerpt":{"rendered":"<p>Xerografick\u00fd pap\u00edr A4 , 80gsm, (500ks\/bal.) p\u0159i odb\u011bru p\u011bti balen\u00ed cena 69,- K\u010d\/bal. bez DPH<\/p>\n","protected":false},"author":1,"featured_media":0,"parent":0,"menu_order":0,"comment_status":"closed","ping_status":"closed","template":"","meta":[],"_links":{"self":[{"href":"https:\/\/seku.cz\/index.php?rest_route=\/wp\/v2\/pages\/337"}],"collection":[{"href":"https:\/\/seku.cz\/index.php?rest_route=\/wp\/v2\/pages"}],"about":[{"href":"https:\/\/seku.cz\/index.php?rest_route=\/wp\/v2\/types\/page"}],"author":[{"embeddable":true,"href":"https:\/\/seku.cz\/index.php?rest_route=\/wp\/v2\/users\/1"}],"replies":[{"embeddable":true,"href":"https:\/\/seku.cz\/index.php?rest_route=%2Fwp%2Fv2%2Fcomments&post=337"}],"version-history":[{"count":22,"href":"https:\/\/seku.cz\/index.php?rest_route=\/wp\/v2\/pages\/337\/revisions"}],"predecessor-version":[{"id":840,"href":"https:\/\/seku.cz\/index.php?rest_route=\/wp\/v2\/pages\/337\/revisions\/840"}],"wp:attachment":[{"href":"https:\/\/seku.cz\/index.php?rest_route=%2Fwp%2Fv2%2Fmedia&parent=337"}],"curies":[{"name":"wp","href":"https:\/\/api.w.org\/{rel}","templated":true}]}}